{"id":1492,"date":"2024-07-08T15:52:09","date_gmt":"2024-07-08T12:52:09","guid":{"rendered":"https:\/\/www.planard.com\/hakkimizda\/"},"modified":"2024-08-01T17:53:47","modified_gmt":"2024-08-01T14:53:47","slug":"hakkimizda","status":"publish","type":"page","link":"https:\/\/www.planard.com\/tr\/hakkimizda\/","title":{"rendered":"Hakk\u0131m\u0131zda"},"content":{"rendered":"\t\t<div data-elementor-type=\"wp-page\" data-elementor-id=\"1492\" class=\"elementor elementor-1492 elementor-97\" data-elementor-post-type=\"page\">\n\t\t\t\t\t\t<section class=\"elementor-section elementor-top-section elementor-element elementor-element-3d79d8 elementor-section-boxed elementor-section-height-default elementor-section-height-default wpr-particle-no wpr-jarallax-no wpr-parallax-no wpr-sticky-section-no\" data-id=\"3d79d8\" data-element_type=\"section\">\n\t\t\t\t\t\t\t<div class=\"elementor-background-overlay\"><\/div>\n\t\t\t\t\t\t\t<div class=\"elementor-container elementor-column-gap-default\">\n\t\t\t\t\t<div class=\"elementor-column elementor-col-100 elementor-top-column elementor-element elementor-element-4211f38a\" data-id=\"4211f38a\" data-element_type=\"column\" data-settings=\"{&quot;background_background&quot;:&quot;classic&quot;}\">\n\t\t\t<div class=\"elementor-widget-wrap elementor-element-populated\">\n\t\t\t\t\t<div class=\"elementor-background-overlay\"><\/div>\n\t\t\t\t\t\t<div class=\"elementor-element elementor-element-5e547b5 elementor-widget elementor-widget-heading\" data-id=\"5e547b5\" data-element_type=\"widget\" data-widget_type=\"heading.default\">\n\t\t\t\t<div class=\"elementor-widget-container\">\n\t\t\t<style>\/*! elementor - v3.22.0 - 26-06-2024 *\/\n.elementor-heading-title{padding:0;margin:0;line-height:1}.elementor-widget-heading .elementor-heading-title[class*=elementor-size-]>a{color:inherit;font-size:inherit;line-height:inherit}.elementor-widget-heading .elementor-heading-title.elementor-size-small{font-size:15px}.elementor-widget-heading .elementor-heading-title.elementor-size-medium{font-size:19px}.elementor-widget-heading .elementor-heading-title.elementor-size-large{font-size:29px}.elementor-widget-heading .elementor-heading-title.elementor-size-xl{font-size:39px}.elementor-widget-heading .elementor-heading-title.elementor-size-xxl{font-size:59px}<\/style><h2 class=\"elementor-heading-title elementor-size-default\">Hakk\u0131m\u0131zda<\/h2>\t\t<\/div>\n\t\t\t\t<\/div>\n\t\t\t\t\t<\/div>\n\t\t<\/div>\n\t\t\t\t\t<\/div>\n\t\t<\/section>\n\t\t\t\t<section class=\"elementor-section elementor-top-section elementor-element elementor-element-1c8e903e elementor-section-content-middle elementor-section-boxed elementor-section-height-default elementor-section-height-default wpr-particle-no wpr-jarallax-no wpr-parallax-no wpr-sticky-section-no\" data-id=\"1c8e903e\" data-element_type=\"section\" data-settings=\"{&quot;background_background&quot;:&quot;classic&quot;}\">\n\t\t\t\t\t\t<div class=\"elementor-container elementor-column-gap-default\">\n\t\t\t\t\t<div class=\"elementor-column elementor-col-100 elementor-top-column elementor-element elementor-element-3cad6c3d elementor-invisible\" data-id=\"3cad6c3d\" data-element_type=\"column\" data-settings=\"{&quot;animation&quot;:&quot;fadeInLeft&quot;}\">\n\t\t\t<div class=\"elementor-widget-wrap elementor-element-populated\">\n\t\t\t\t\t\t<div class=\"elementor-element elementor-element-3726f72c elementor-widget elementor-widget-heading\" data-id=\"3726f72c\" data-element_type=\"widget\" data-widget_type=\"heading.default\">\n\t\t\t\t<div class=\"elementor-widget-container\">\n\t\t\t<h6 class=\"elementor-heading-title elementor-size-default\">Biz Kimiz<\/h6>\t\t<\/div>\n\t\t\t\t<\/div>\n\t\t\t\t<div class=\"elementor-element elementor-element-3fe5b0c0 elementor-widget elementor-widget-heading\" data-id=\"3fe5b0c0\" data-element_type=\"widget\" data-widget_type=\"heading.default\">\n\t\t\t\t<div class=\"elementor-widget-container\">\n\t\t\t<h2 class=\"elementor-heading-title elementor-size-default\">Planard: Orta ve B\u00fcy\u00fck \u00d6l\u00e7ekli \u0130\u015fletmeler i\u00e7in \u0130leri D\u00fczey Finansal Planlama Yaz\u0131l\u0131m\u0131<\/h2>\t\t<\/div>\n\t\t\t\t<\/div>\n\t\t\t\t<div class=\"elementor-element elementor-element-518660e4 elementor-widget elementor-widget-text-editor\" data-id=\"518660e4\" data-element_type=\"widget\" data-widget_type=\"text-editor.default\">\n\t\t\t\t<div class=\"elementor-widget-container\">\n\t\t\t<style>\/*! elementor - v3.22.0 - 26-06-2024 *\/\n.elementor-widget-text-editor.elementor-drop-cap-view-stacked .elementor-drop-cap{background-color:#69727d;color:#fff}.elementor-widget-text-editor.elementor-drop-cap-view-framed .elementor-drop-cap{color:#69727d;border:3px solid;background-color:transparent}.elementor-widget-text-editor:not(.elementor-drop-cap-view-default) .elementor-drop-cap{margin-top:8px}.elementor-widget-text-editor:not(.elementor-drop-cap-view-default) .elementor-drop-cap-letter{width:1em;height:1em}.elementor-widget-text-editor .elementor-drop-cap{float:left;text-align:center;line-height:1;font-size:50px}.elementor-widget-text-editor .elementor-drop-cap-letter{display:inline-block}<\/style>\t\t\t\t<p>Orta \u00f6l\u00e7ekli ve b\u00fcy\u00fck kurulu\u015flar\u0131n kar\u015f\u0131la\u015ft\u0131\u011f\u0131 karma\u015f\u0131kl\u0131klar ve zorluklar hakk\u0131nda derin bir anlay\u0131\u015fa sahip olarak, \u00f6l\u00e7ekli i\u015fletmelerin benzersiz ihtiya\u00e7lar\u0131n\u0131 kar\u015f\u0131lamak i\u00e7in tasarlanm\u0131\u015f sofistike yaz\u0131l\u0131mlar sunmada uzman\u0131z.<\/p><p>Planard olarak, etkili finansal planlaman\u0131n herhangi bir \u015firketin ba\u015far\u0131s\u0131 ve b\u00fcy\u00fcmesi i\u00e7in hayati \u00f6neme sahip oldu\u011funu kabul ediyoruz. <br \/>Bu nedenle, planlama s\u00fcre\u00e7lerini kolayla\u015ft\u0131ran, kaynak tahsisini optimize eden ve stratejik karar alma s\u00fcre\u00e7lerini y\u00f6nlendiren g\u00fc\u00e7l\u00fc bir ara\u00e7 geli\u015ftirmeye adanm\u0131\u015f bir end\u00fcstri uzmanlar\u0131 ve yaz\u0131l\u0131m m\u00fchendisleri ekibi olu\u015fturduk.<\/p><p>Yenilik ve m\u00fckemmeliyete olan ba\u011fl\u0131l\u0131\u011f\u0131m\u0131z yaz\u0131l\u0131m\u0131m\u0131z\u0131n her y\u00f6n\u00fcne yans\u0131maktad\u0131r.<br \/>G\u00fc\u00e7l\u00fc tahmin ve b\u00fct\u00e7eleme yeteneklerinden geli\u015fmi\u015f analizler ve senaryo modellemesine kadar, platformumuz.<br \/>CFO&#8217;lar\u0131n, finans ekiplerinin ve y\u00f6neticilerin veriye dayal\u0131 kararlar\u0131 g\u00fcvenle almas\u0131n\u0131 sa\u011flar.<\/p><p>G\u00fcvenlik ve g\u00fcvenilirlik yapt\u0131\u011f\u0131m\u0131z her \u015feyde en \u00f6n plandad\u0131r. <br \/>Hassas finansal verilerinizin gizlili\u011fini, b\u00fct\u00fcnl\u00fc\u011f\u00fcn\u00fc ve kullan\u0131labilirli\u011fini sa\u011flamak i\u00e7in en y\u00fcksek end\u00fcstri standartlar\u0131na uyuyoruz, size huzur ve uyumluluk g\u00fcvencesi sunuyoruz.<\/p><p>Bug\u00fcn\u00fcn dinamik i\u015f ortam\u0131nda rekabet avantaj\u0131 kazanmak i\u00e7in Planard ile ortak olun.<br \/>\u00d6nde gelen finansal planlama yaz\u0131l\u0131m\u0131n\u0131n i\u015fletmeniz i\u00e7in neler yapabilece\u011fini deneyimleyin.<br \/>Birlikte yeni f\u0131rsatlar\u0131 ortaya \u00e7\u0131karal\u0131m ve s\u00fcrd\u00fcr\u00fclebilir b\u00fcy\u00fcmeyi sa\u011flayal\u0131m.<\/p>\t\t\t\t\t\t<\/div>\n\t\t\t\t<\/div>\n\t\t\t\t\t<\/div>\n\t\t<\/div>\n\t\t\t\t\t<\/div>\n\t\t<\/section>\n\t\t\t\t<section class=\"elementor-section elementor-top-section elementor-element elementor-element-1efce089 elementor-section-boxed elementor-section-height-default elementor-section-height-default wpr-particle-no wpr-jarallax-no wpr-parallax-no wpr-sticky-section-no\" data-id=\"1efce089\" data-element_type=\"section\">\n\t\t\t\t\t\t<div class=\"elementor-container elementor-column-gap-default\">\n\t\t\t\t\t<div class=\"elementor-column elementor-col-100 elementor-top-column elementor-element elementor-element-140a2b35\" data-id=\"140a2b35\" data-element_type=\"column\">\n\t\t\t<div class=\"elementor-widget-wrap elementor-element-populated\">\n\t\t\t\t\t\t<div class=\"elementor-element elementor-element-17d456dc elementor-invisible elementor-widget elementor-widget-image\" data-id=\"17d456dc\" data-element_type=\"widget\" data-settings=\"{&quot;motion_fx_motion_fx_mouse&quot;:&quot;yes&quot;,&quot;motion_fx_tilt_effect&quot;:&quot;yes&quot;,&quot;_animation&quot;:&quot;zoomIn&quot;,&quot;motion_fx_tilt_speed&quot;:{&quot;unit&quot;:&quot;px&quot;,&quot;size&quot;:4,&quot;sizes&quot;:[]}}\" data-widget_type=\"image.default\">\n\t\t\t\t<div class=\"elementor-widget-container\">\n\t\t\t<style>\/*! elementor - v3.22.0 - 26-06-2024 *\/\n.elementor-widget-image{text-align:center}.elementor-widget-image a{display:inline-block}.elementor-widget-image a img[src$=\".svg\"]{width:48px}.elementor-widget-image img{vertical-align:middle;display:inline-block}<\/style>\t\t\t\t\t\t\t\t\t\t<img fetchpriority=\"high\" decoding=\"async\" width=\"800\" height=\"463\" src=\"https:\/\/www.planard.com\/wp-content\/uploads\/2024\/06\/gorsel-02-1024x593.png\" class=\"attachment-large size-large wp-image-126\" alt=\"\" srcset=\"https:\/\/www.planard.com\/wp-content\/uploads\/2024\/06\/gorsel-02-1024x593.png 1024w, https:\/\/www.planard.com\/wp-content\/uploads\/2024\/06\/gorsel-02-300x174.png 300w, https:\/\/www.planard.com\/wp-content\/uploads\/2024\/06\/gorsel-02-768x444.png 768w, https:\/\/www.planard.com\/wp-content\/uploads\/2024\/06\/gorsel-02-1536x889.png 1536w, https:\/\/www.planard.com\/wp-content\/uploads\/2024\/06\/gorsel-02-2048x1185.png 2048w, https:\/\/www.planard.com\/wp-content\/uploads\/2024\/06\/elementor\/thumbs\/gorsel-02-qq6ihutjjozedwm5u9my2j3iketujs5en35pqo1nng.png 675w, https:\/\/www.planard.com\/wp-content\/uploads\/2024\/06\/elementor\/thumbs\/gorsel-02-qq6ihutinogz93u2d1lgde90j1o9f8475gigvntixk.png 602w\" sizes=\"(max-width: 800px) 100vw, 800px\" \/>\t\t\t\t\t\t\t\t\t\t\t\t\t<\/div>\n\t\t\t\t<\/div>\n\t\t\t\t\t<\/div>\n\t\t<\/div>\n\t\t\t\t\t<\/div>\n\t\t<\/section>\n\t\t\t\t<section class=\"elementor-section elementor-top-section elementor-element elementor-element-34573df elementor-section-boxed elementor-section-height-default elementor-section-height-default wpr-particle-no wpr-jarallax-no wpr-parallax-no wpr-sticky-section-no\" data-id=\"34573df\" data-element_type=\"section\">\n\t\t\t\t\t\t<div class=\"elementor-container elementor-column-gap-default\">\n\t\t\t\t\t<div class=\"elementor-column elementor-col-100 elementor-top-column elementor-element elementor-element-74c82433\" data-id=\"74c82433\" data-element_type=\"column\">\n\t\t\t<div class=\"elementor-widget-wrap\">\n\t\t\t\t\t\t\t<\/div>\n\t\t<\/div>\n\t\t\t\t\t<\/div>\n\t\t<\/section>\n\t\t\t\t<\/div>\n\t\t","protected":false},"excerpt":{"rendered":"<p>Hakk\u0131m\u0131zda Biz Kimiz Planard: Orta ve B\u00fcy\u00fck \u00d6l\u00e7ekli \u0130\u015fletmeler i\u00e7in \u0130leri D\u00fczey Finansal Planlama Yaz\u0131l\u0131m\u0131 Orta \u00f6l\u00e7ekli ve b\u00fcy\u00fck kurulu\u015flar\u0131n kar\u015f\u0131la\u015ft\u0131\u011f\u0131 karma\u015f\u0131kl\u0131klar ve zorluklar hakk\u0131nda derin bir anlay\u0131\u015fa sahip olarak, \u00f6l\u00e7ekli i\u015fletmelerin benzersiz ihtiya\u00e7lar\u0131n\u0131 kar\u015f\u0131lamak i\u00e7in tasarlanm\u0131\u015f sofistike yaz\u0131l\u0131mlar sunmada uzman\u0131z. Planard olarak, etkili finansal planlaman\u0131n herhangi bir \u015firketin ba\u015far\u0131s\u0131 ve b\u00fcy\u00fcmesi i\u00e7in hayati \u00f6neme sahip oldu\u011funu kabul ediyoruz. Bu nedenle, planlama s\u00fcre\u00e7lerini kolayla\u015ft\u0131ran, kaynak tahsisini optimize eden ve stratejik karar alma s\u00fcre\u00e7lerini y\u00f6nlendiren g\u00fc\u00e7l\u00fc bir ara\u00e7 geli\u015ftirmeye adanm\u0131\u015f bir end\u00fcstri uzmanlar\u0131 ve yaz\u0131l\u0131m m\u00fchendisleri ekibi olu\u015fturduk. Yenilik ve m\u00fckemmeliyete olan ba\u011fl\u0131l\u0131\u011f\u0131m\u0131z yaz\u0131l\u0131m\u0131m\u0131z\u0131n her y\u00f6n\u00fcne yans\u0131maktad\u0131r.G\u00fc\u00e7l\u00fc tahmin ve b\u00fct\u00e7eleme yeteneklerinden geli\u015fmi\u015f analizler ve senaryo modellemesine kadar, platformumuz.CFO&#8217;lar\u0131n, finans ekiplerinin ve y\u00f6neticilerin veriye dayal\u0131 kararlar\u0131 g\u00fcvenle almas\u0131n\u0131 sa\u011flar. G\u00fcvenlik ve g\u00fcvenilirlik yapt\u0131\u011f\u0131m\u0131z her \u015feyde en \u00f6n plandad\u0131r. Hassas finansal verilerinizin gizlili\u011fini, b\u00fct\u00fcnl\u00fc\u011f\u00fcn\u00fc ve kullan\u0131labilirli\u011fini sa\u011flamak i\u00e7in en y\u00fcksek end\u00fcstri standartlar\u0131na uyuyoruz, size huzur ve uyumluluk g\u00fcvencesi sunuyoruz. Bug\u00fcn\u00fcn dinamik i\u015f ortam\u0131nda rekabet avantaj\u0131 kazanmak i\u00e7in Planard ile ortak olun.\u00d6nde gelen finansal planlama yaz\u0131l\u0131m\u0131n\u0131n i\u015fletmeniz i\u00e7in neler yapabilece\u011fini deneyimleyin.Birlikte yeni f\u0131rsatlar\u0131 ortaya \u00e7\u0131karal\u0131m ve s\u00fcrd\u00fcr\u00fclebilir b\u00fcy\u00fcmeyi sa\u011flayal\u0131m.<\/p>\n","protected":false},"author":1,"featured_media":0,"parent":0,"menu_order":0,"comment_status":"closed","ping_status":"closed","template":"","meta":{"footnotes":""},"class_list":["post-1492","page","type-page","status-publish","hentry"],"_links":{"self":[{"href":"https:\/\/www.planard.com\/tr\/wp-json\/wp\/v2\/pages\/1492","targetHints":{"allow":["GET"]}}],"collection":[{"href":"https:\/\/www.planard.com\/tr\/wp-json\/wp\/v2\/pages"}],"about":[{"href":"https:\/\/www.planard.com\/tr\/wp-json\/wp\/v2\/types\/page"}],"author":[{"embeddable":true,"href":"https:\/\/www.planard.com\/tr\/wp-json\/wp\/v2\/users\/1"}],"replies":[{"embeddable":true,"href":"https:\/\/www.planard.com\/tr\/wp-json\/wp\/v2\/comments?post=1492"}],"version-history":[{"count":21,"href":"https:\/\/www.planard.com\/tr\/wp-json\/wp\/v2\/pages\/1492\/revisions"}],"predecessor-version":[{"id":2943,"href":"https:\/\/www.planard.com\/tr\/wp-json\/wp\/v2\/pages\/1492\/revisions\/2943"}],"wp:attachment":[{"href":"https:\/\/www.planard.com\/tr\/wp-json\/wp\/v2\/media?parent=1492"}],"curies":[{"name":"wp","href":"https:\/\/api.w.org\/{rel}","templated":true}]}}