{"id":1500,"date":"2024-07-08T15:53:49","date_gmt":"2024-07-08T12:53:49","guid":{"rendered":"https:\/\/www.planard.com\/musteriler\/"},"modified":"2024-08-01T14:39:53","modified_gmt":"2024-08-01T11:39:53","slug":"musteriler","status":"publish","type":"page","link":"https:\/\/www.planard.com\/tr\/musteriler\/","title":{"rendered":"M\u00fc\u015fteriler"},"content":{"rendered":"\t\t<div data-elementor-type=\"wp-page\" data-elementor-id=\"1500\" class=\"elementor elementor-1500 elementor-1422\" data-elementor-post-type=\"page\">\n\t\t\t\t\t\t<section class=\"elementor-section elementor-top-section elementor-element elementor-element-8942976 elementor-section-boxed elementor-section-height-default elementor-section-height-default wpr-particle-no wpr-jarallax-no wpr-parallax-no wpr-sticky-section-no\" data-id=\"8942976\" data-element_type=\"section\">\n\t\t\t\t\t\t\t<div class=\"elementor-background-overlay\"><\/div>\n\t\t\t\t\t\t\t<div class=\"elementor-container elementor-column-gap-default\">\n\t\t\t\t\t<div class=\"elementor-column elementor-col-100 elementor-top-column elementor-element elementor-element-d49360b\" data-id=\"d49360b\" data-element_type=\"column\" data-settings=\"{&quot;background_background&quot;:&quot;classic&quot;}\">\n\t\t\t<div class=\"elementor-widget-wrap elementor-element-populated\">\n\t\t\t\t\t<div class=\"elementor-background-overlay\"><\/div>\n\t\t\t\t\t\t<div class=\"elementor-element elementor-element-4c4b562 elementor-widget elementor-widget-heading\" data-id=\"4c4b562\" data-element_type=\"widget\" data-widget_type=\"heading.default\">\n\t\t\t\t<div class=\"elementor-widget-container\">\n\t\t\t<style>\/*! elementor - v3.22.0 - 26-06-2024 *\/\n.elementor-heading-title{padding:0;margin:0;line-height:1}.elementor-widget-heading .elementor-heading-title[class*=elementor-size-]>a{color:inherit;font-size:inherit;line-height:inherit}.elementor-widget-heading .elementor-heading-title.elementor-size-small{font-size:15px}.elementor-widget-heading .elementor-heading-title.elementor-size-medium{font-size:19px}.elementor-widget-heading .elementor-heading-title.elementor-size-large{font-size:29px}.elementor-widget-heading .elementor-heading-title.elementor-size-xl{font-size:39px}.elementor-widget-heading .elementor-heading-title.elementor-size-xxl{font-size:59px}<\/style><h2 class=\"elementor-heading-title elementor-size-default\">M\u00fc\u015fteriler<\/h2>\t\t<\/div>\n\t\t\t\t<\/div>\n\t\t\t\t\t<\/div>\n\t\t<\/div>\n\t\t\t\t\t<\/div>\n\t\t<\/section>\n\t\t\t\t<section class=\"elementor-section elementor-top-section elementor-element elementor-element-0ae4710 elementor-section-boxed elementor-section-height-default elementor-section-height-default wpr-particle-no wpr-jarallax-no wpr-parallax-no wpr-sticky-section-no\" data-id=\"0ae4710\" data-element_type=\"section\">\n\t\t\t\t\t\t<div class=\"elementor-container elementor-column-gap-default\">\n\t\t\t\t\t<div class=\"elementor-column elementor-col-100 elementor-top-column elementor-element elementor-element-2e2113b\" data-id=\"2e2113b\" data-element_type=\"column\">\n\t\t\t<div class=\"elementor-widget-wrap elementor-element-populated\">\n\t\t\t\t\t\t<section class=\"elementor-section elementor-inner-section elementor-element elementor-element-929b756 elementor-section-boxed elementor-section-height-default elementor-section-height-default wpr-particle-no wpr-jarallax-no wpr-parallax-no wpr-sticky-section-no\" data-id=\"929b756\" data-element_type=\"section\">\n\t\t\t\t\t\t<div class=\"elementor-container elementor-column-gap-default\">\n\t\t\t\t\t<div class=\"elementor-column elementor-col-100 elementor-inner-column elementor-element elementor-element-cac73ce elementor-invisible\" data-id=\"cac73ce\" data-element_type=\"column\" data-settings=\"{&quot;animation&quot;:&quot;fadeInUp&quot;}\">\n\t\t\t<div class=\"elementor-widget-wrap elementor-element-populated\">\n\t\t\t\t\t\t<div class=\"elementor-element elementor-element-3a8d24c elementor-widget elementor-widget-heading\" data-id=\"3a8d24c\" data-element_type=\"widget\" data-widget_type=\"heading.default\">\n\t\t\t\t<div class=\"elementor-widget-container\">\n\t\t\t<h3 class=\"elementor-heading-title elementor-size-default\">\u00d6nemli olan sizin mutlulu\u011funuz<\/h3>\t\t<\/div>\n\t\t\t\t<\/div>\n\t\t\t\t\t<\/div>\n\t\t<\/div>\n\t\t\t\t\t<\/div>\n\t\t<\/section>\n\t\t\t\t\t<\/div>\n\t\t<\/div>\n\t\t\t\t\t<\/div>\n\t\t<\/section>\n\t\t<div class=\"elementor-element elementor-element-01c182a e-flex e-con-boxed wpr-particle-no wpr-jarallax-no wpr-parallax-no wpr-sticky-section-no e-con e-parent\" data-id=\"01c182a\" data-element_type=\"container\">\n\t\t\t\t\t<div class=\"e-con-inner\">\n\t\t\t\t<div class=\"elementor-element elementor-element-92b171f wpr-testimonial-slider-columns-2 wpr-testimonial-nav-fade wpr-testimonial-meta-align-left wpr-testimonial-slider-columns--tablet2 wpr-testimonial-slider-columns--mobile1 wpr-testimonial-meta-position-bottom wpr-testimonial-image-position-center elementor-widget elementor-widget-wpr-testimonial\" data-id=\"92b171f\" data-element_type=\"widget\" data-settings=\"{&quot;testimonial_amount&quot;:&quot;2&quot;,&quot;testimonial_amount_tablet&quot;:2,&quot;testimonial_amount_mobile&quot;:1,&quot;testimonial_slides_to_scroll&quot;:2,&quot;testimonial_loop&quot;:&quot;yes&quot;}\" data-widget_type=\"wpr-testimonial.default\">\n\t\t\t\t<div class=\"elementor-widget-container\">\n\t\t\t\t\t<div class=\"wpr-testimonial-carousel-wrap\">\n\t\t\t\n\t\t\t<div class=\"wpr-testimonial-carousel\" dir=\"ltr\" data-slick=\"{&quot;rtl&quot;:false,&quot;infinite&quot;:true,&quot;speed&quot;:700,&quot;arrows&quot;:true,&quot;dots&quot;:true,&quot;autoplay&quot;:false,&quot;autoplaySpeed&quot;:0,&quot;pauseOnHover&quot;:&quot;&quot;,&quot;prevArrow&quot;:&quot;#wpr-testimonial-prev-92b171f&quot;,&quot;nextArrow&quot;:&quot;#wpr-testimonial-next-92b171f&quot;,&quot;sliderSlidesToScroll&quot;:2}\" data-slide-effect=\"slide\">\n\t\t\t\t\t\n\t\t\t\t\t\n\t\t\t\t\t\t\t\t\t\t\t\n\t\t\t\t\t\t<div class=\"wpr-testimonial-item elementor-repeater-item-6509a24 elementor-clearfix\">\n\t\t\t\t\t\t\t\n\t\t\t\t\t\t\t<div class=\"wpr-testimonial-meta elementor-clearfix\">\n\t\t\t\t\t\t\t\t<div class=\"wpr-testimonial-meta-inner\">\n\t\t\t\t\t\t\t\t\n\t\t\n\t\t\t\n\t\t<div class=\"wpr-testimonial-meta-content-wrap\">\n\t\t\t\t\t\t\t<div class=\"wpr-testimonial-name\">Kadir Ayd\u0131n<\/div>\n\t\t\t\n\t\t\t\t\t\t\t<div class=\"wpr-testimonial-job\">Anbean<\/div>\n\t\t\t\n\t\t\t\n\t\t<\/div>\n\t\t\t\t\t\t\t\t\t\t<\/div>\n\t\t\t\t\t\t\t<\/div>\n\n\t\t\t\t\t\t\t\n\t\t<div class=\"wpr-testimonial-content-wrap\">\n\t\t\t<div class=\"wpr-testimonial-content-inner\">\n\t\t\t\t\t\t\t<div class=\"wpr-testimonial-icon\">\n\t\t\t\t\t<i class=\"fas fa-quote-left\"><\/i>\t\t\t\t<\/div>\n\t\t\t\n\t\t\t\n\t\t\t\t\t\t\t\t\t\t\n\t\t\t\t\t\t\t<div class=\"wpr-testimonial-content\">\n\t\t\t\t\t\n\t\t\t\t\t<p><p>\u201cPlanard sayesinde b\u00fct\u00e7eleme s\u00fcrecimizi herhangi bir profesyonel destek almadan ve kurulum deste\u011fine ihtiya\u00e7 duymadan yapmaya ba\u015flad\u0131k. B\u00f6ylece kurulum \u00fccretinden de tasarruf etmi\u015f olduk. Planard bulut \u00fczerinden \u00e7al\u0131\u015ft\u0131\u011f\u0131 i\u00e7in verilerimize istedi\u011fimiz yerden ula\u015fabiliyoruz.\u201c<\/p><\/p>\n\t\t\t\t<\/div>\n\t\t\t\n\t\t\t\n\t\t\t\t\t\t<\/div>\n\t\t<\/div>\n\n\t    \n\t\t\t\t\t\t\t\n\t\t\t\t\t\t<\/div>\n\t\t\t\t\t\t\n\t\t\t\t\t\t\t\t\t\t\t\n\t\t\t\t\t\t<div class=\"wpr-testimonial-item elementor-repeater-item-f277181 elementor-clearfix\">\n\t\t\t\t\t\t\t\n\t\t\t\t\t\t\t<div class=\"wpr-testimonial-meta elementor-clearfix\">\n\t\t\t\t\t\t\t\t<div class=\"wpr-testimonial-meta-inner\">\n\t\t\t\t\t\t\t\t\n\t\t\n\t\t\t\n\t\t<div class=\"wpr-testimonial-meta-content-wrap\">\n\t\t\t\t\t\t\t<div class=\"wpr-testimonial-name\">Bar\u0131\u015f \u00d6ztek<\/div>\n\t\t\t\n\t\t\t\t\t\t\t<div class=\"wpr-testimonial-job\">Sacura Mimarl\u0131k<\/div>\n\t\t\t\n\t\t\t\n\t\t<\/div>\n\t\t\t\t\t\t\t\t\t\t<\/div>\n\t\t\t\t\t\t\t<\/div>\n\n\t\t\t\t\t\t\t\n\t\t<div class=\"wpr-testimonial-content-wrap\">\n\t\t\t<div class=\"wpr-testimonial-content-inner\">\n\t\t\t\t\t\t\t<div class=\"wpr-testimonial-icon\">\n\t\t\t\t\t<i class=\"fas fa-quote-left\"><\/i>\t\t\t\t<\/div>\n\t\t\t\n\t\t\t\n\t\t\t\t\t\t\t\t\t\t\n\t\t\t\t\t\t\t<div class=\"wpr-testimonial-content\">\n\t\t\t\t\t\n\t\t\t\t\t<p><p>\u201cPlanard\u2019\u0131 kullanmaya ba\u015flad\u0131\u011f\u0131m\u0131zdan beri b\u00fct\u00e7elme s\u00fcre\u00e7lerimiz daha kolay ve h\u0131zl\u0131 olmaya ba\u015flad\u0131. Makroekonomik raporlar ve tek t\u0131kla ald\u0131\u011f\u0131m\u0131z raporlar sayesinde de kararlar\u0131m\u0131z\u0131 daha sa\u011fl\u0131kl\u0131 alabiliyoruz.\u201c<\/p><\/p>\n\t\t\t\t<\/div>\n\t\t\t\n\t\t\t\n\t\t\t\t\t\t<\/div>\n\t\t<\/div>\n\n\t    \n\t\t\t\t\t\t\t\n\t\t\t\t\t\t<\/div>\n\t\t\t\t\t\t\n\t\t\t\t\t\t\t\t\t\t\t\n\t\t\t\t\t\t<div class=\"wpr-testimonial-item elementor-repeater-item-b7b03e5 elementor-clearfix\">\n\t\t\t\t\t\t\t\n\t\t\t\t\t\t\t<div class=\"wpr-testimonial-meta elementor-clearfix\">\n\t\t\t\t\t\t\t\t<div class=\"wpr-testimonial-meta-inner\">\n\t\t\t\t\t\t\t\t\n\t\t\n\t\t\t\n\t\t<div class=\"wpr-testimonial-meta-content-wrap\">\n\t\t\t\t\t\t\t<div class=\"wpr-testimonial-name\">Burak Ya\u011fc\u0131<\/div>\n\t\t\t\n\t\t\t\t\t\t\t<div class=\"wpr-testimonial-job\">Palace Otel Olive Odore<\/div>\n\t\t\t\n\t\t\t\n\t\t<\/div>\n\t\t\t\t\t\t\t\t\t\t<\/div>\n\t\t\t\t\t\t\t<\/div>\n\n\t\t\t\t\t\t\t\n\t\t<div class=\"wpr-testimonial-content-wrap\">\n\t\t\t<div class=\"wpr-testimonial-content-inner\">\n\t\t\t\t\t\t\t<div class=\"wpr-testimonial-icon\">\n\t\t\t\t\t<i class=\"fas fa-quote-left\"><\/i>\t\t\t\t<\/div>\n\t\t\t\n\t\t\t\n\t\t\t\t\t\t\t\t\t\t\n\t\t\t\t\t\t\t<div class=\"wpr-testimonial-content\">\n\t\t\t\t\t\n\t\t\t\t\t<p><p>\u201cB\u00fct\u00e7emizi y\u0131ll\u0131k yap\u0131yor ve y\u0131lda 3 kere revize ediyoruz. Planard ile b\u00fct\u00e7elemek \u00e7ok h\u0131zl\u0131 oldu\u011fu i\u00e7in zaman\u0131m\u0131z\u0131 daha \u00e7ok analize ay\u0131r\u0131yoruz. Farkl\u0131 senaryolarla \u00e7al\u0131\u015fmak ise bize farkl\u0131 finansal durumlarda nelerle kar\u015f\u0131la\u015fabilece\u011fimiz g\u00f6steriyor.\u201c<\/p><\/p>\n\t\t\t\t<\/div>\n\t\t\t\n\t\t\t\n\t\t\t\t\t\t<\/div>\n\t\t<\/div>\n\n\t    \n\t\t\t\t\t\t\t\n\t\t\t\t\t\t<\/div>\n\t\t\t\t\t\t\n\t\t\t\t\t\t\t\t\t\t\t\n\t\t\t\t\t\t<div class=\"wpr-testimonial-item elementor-repeater-item-4f62902 elementor-clearfix\">\n\t\t\t\t\t\t\t\n\t\t\t\t\t\t\t<div class=\"wpr-testimonial-meta elementor-clearfix\">\n\t\t\t\t\t\t\t\t<div class=\"wpr-testimonial-meta-inner\">\n\t\t\t\t\t\t\t\t\n\t\t\n\t\t\t\n\t\t<div class=\"wpr-testimonial-meta-content-wrap\">\n\t\t\t\t\t\t\t<div class=\"wpr-testimonial-name\">Emre \u00c7orak<\/div>\n\t\t\t\n\t\t\t\t\t\t\t<div class=\"wpr-testimonial-job\">XYZ Teknoloji<\/div>\n\t\t\t\n\t\t\t\n\t\t<\/div>\n\t\t\t\t\t\t\t\t\t\t<\/div>\n\t\t\t\t\t\t\t<\/div>\n\n\t\t\t\t\t\t\t\n\t\t<div class=\"wpr-testimonial-content-wrap\">\n\t\t\t<div class=\"wpr-testimonial-content-inner\">\n\t\t\t\t\t\t\t<div class=\"wpr-testimonial-icon\">\n\t\t\t\t\t<i class=\"fas fa-quote-left\"><\/i>\t\t\t\t<\/div>\n\t\t\t\n\t\t\t\n\t\t\t\t\t\t\t\t\t\t\n\t\t\t\t\t\t\t<div class=\"wpr-testimonial-content\">\n\t\t\t\t\t\n\t\t\t\t\t<p><p>\u201cB\u00fct\u00e7e verilerimizi girmek haz\u0131r \u015fablonlar sayesinde d\u00fc\u015f\u00fcnd\u00fc\u011f\u00fcm\u00fczden daha kolay. Girdi\u011fimiz verilerin raporlanmas\u0131 ise tek t\u0131kla oluyor. Raporlar\u0131 sunuma \u00e7evirmek ise saniyeler s\u00fcr\u00fcyor. Bu \u00f6zellikler bizi \u00e7ok h\u0131zland\u0131rd\u0131.\u201c<\/p><\/p>\n\t\t\t\t<\/div>\n\t\t\t\n\t\t\t\n\t\t\t\t\t\t<\/div>\n\t\t<\/div>\n\n\t    \n\t\t\t\t\t\t\t\n\t\t\t\t\t\t<\/div>\n\t\t\t\t\t\t\n\t\t\t\t\t\t\t\t\t<\/div>\n\n\t\t\t<div class=\"wpr-testimonial-controls\">\n\t\t\t\t<div class=\"wpr-testimonial-dots\"><\/div>\n\t\t\t<\/div>\n\n\t\t\t<div class=\"wpr-testimonial-arrow-container\">\n\t\t\t\t<div class=\"wpr-testimonial-prev-arrow wpr-testimonial-arrow\" id=\"wpr-testimonial-prev-92b171f\">\n\t\t\t\t\t<svg version=\"1.1\" xmlns=\"http:\/\/www.w3.org\/2000\/svg\" xmlns:xlink=\"http:\/\/www.w3.org\/1999\/xlink\" x=\"0px\" y=\"0px\" viewBox=\"0 0 283.4 512\" style=\"enable-background:new 0 0 283.4 512;\" xml:space=\"preserve\"><g><polygon class=\"st0\" points=\"54.5,256.3 283.4,485.1 256.1,512.5 0,256.3 0,256.3 27.2,229 256.1,0 283.4,27.4 \"\/><\/g><\/svg>\t\t\t\t<\/div>\n\t\t\t\t<div class=\"wpr-testimonial-next-arrow wpr-testimonial-arrow\" id=\"wpr-testimonial-next-92b171f\">\n\t\t\t\t\t<svg version=\"1.1\" xmlns=\"http:\/\/www.w3.org\/2000\/svg\" xmlns:xlink=\"http:\/\/www.w3.org\/1999\/xlink\" x=\"0px\" y=\"0px\" viewBox=\"0 0 283.4 512\" style=\"enable-background:new 0 0 283.4 512;\" xml:space=\"preserve\"><g><polygon class=\"st0\" points=\"54.5,256.3 283.4,485.1 256.1,512.5 0,256.3 0,256.3 27.2,229 256.1,0 283.4,27.4 \"\/><\/g><\/svg>\t\t\t\t<\/div>\n\t\t\t<\/div>\n\t\t<\/div>\n\n\t\t\t<\/div>\n\t\t\t\t<\/div>\n\t\t\t\t\t<\/div>\n\t\t\t\t<\/div>\n\t\t\t\t<\/div>\n\t\t","protected":false},"excerpt":{"rendered":"<p>M\u00fc\u015fteriler \u00d6nemli olan sizin mutlulu\u011funuz Kadir Ayd\u0131n Anbean \u201cPlanard sayesinde b\u00fct\u00e7eleme s\u00fcrecimizi herhangi bir profesyonel destek almadan ve kurulum deste\u011fine ihtiya\u00e7 duymadan yapmaya ba\u015flad\u0131k. B\u00f6ylece kurulum \u00fccretinden de tasarruf etmi\u015f olduk. Planard bulut \u00fczerinden \u00e7al\u0131\u015ft\u0131\u011f\u0131 i\u00e7in verilerimize istedi\u011fimiz yerden ula\u015fabiliyoruz.\u201c Bar\u0131\u015f \u00d6ztek Sacura Mimarl\u0131k \u201cPlanard\u2019\u0131 kullanmaya ba\u015flad\u0131\u011f\u0131m\u0131zdan beri b\u00fct\u00e7elme s\u00fcre\u00e7lerimiz daha kolay ve h\u0131zl\u0131 olmaya ba\u015flad\u0131. Makroekonomik raporlar ve tek t\u0131kla ald\u0131\u011f\u0131m\u0131z raporlar sayesinde de kararlar\u0131m\u0131z\u0131 daha sa\u011fl\u0131kl\u0131 alabiliyoruz.\u201c Burak Ya\u011fc\u0131 Palace Otel Olive Odore \u201cB\u00fct\u00e7emizi y\u0131ll\u0131k yap\u0131yor ve y\u0131lda 3 kere revize ediyoruz. Planard ile b\u00fct\u00e7elemek \u00e7ok h\u0131zl\u0131 oldu\u011fu i\u00e7in zaman\u0131m\u0131z\u0131 daha \u00e7ok analize ay\u0131r\u0131yoruz. Farkl\u0131 senaryolarla \u00e7al\u0131\u015fmak ise bize farkl\u0131 finansal durumlarda nelerle kar\u015f\u0131la\u015fabilece\u011fimiz g\u00f6steriyor.\u201c Emre \u00c7orak XYZ Teknoloji \u201cB\u00fct\u00e7e verilerimizi girmek haz\u0131r \u015fablonlar sayesinde d\u00fc\u015f\u00fcnd\u00fc\u011f\u00fcm\u00fczden daha kolay. Girdi\u011fimiz verilerin raporlanmas\u0131 ise tek t\u0131kla oluyor. Raporlar\u0131 sunuma \u00e7evirmek ise saniyeler s\u00fcr\u00fcyor. Bu \u00f6zellikler bizi \u00e7ok h\u0131zland\u0131rd\u0131.\u201c<\/p>\n","protected":false},"author":1,"featured_media":0,"parent":0,"menu_order":0,"comment_status":"closed","ping_status":"closed","template":"","meta":{"footnotes":""},"class_list":["post-1500","page","type-page","status-publish","hentry"],"_links":{"self":[{"href":"https:\/\/www.planard.com\/tr\/wp-json\/wp\/v2\/pages\/1500","targetHints":{"allow":["GET"]}}],"collection":[{"href":"https:\/\/www.planard.com\/tr\/wp-json\/wp\/v2\/pages"}],"about":[{"href":"https:\/\/www.planard.com\/tr\/wp-json\/wp\/v2\/types\/page"}],"author":[{"embeddable":true,"href":"https:\/\/www.planard.com\/tr\/wp-json\/wp\/v2\/users\/1"}],"replies":[{"embeddable":true,"href":"https:\/\/www.planard.com\/tr\/wp-json\/wp\/v2\/comments?post=1500"}],"version-history":[{"count":22,"href":"https:\/\/www.planard.com\/tr\/wp-json\/wp\/v2\/pages\/1500\/revisions"}],"predecessor-version":[{"id":2931,"href":"https:\/\/www.planard.com\/tr\/wp-json\/wp\/v2\/pages\/1500\/revisions\/2931"}],"wp:attachment":[{"href":"https:\/\/www.planard.com\/tr\/wp-json\/wp\/v2\/media?parent=1500"}],"curies":[{"name":"wp","href":"https:\/\/api.w.org\/{rel}","templated":true}]}}